{"id":201,"date":"2021-12-29T20:53:13","date_gmt":"2021-12-30T01:53:13","guid":{"rendered":"http:\/\/165.227.26.54\/?page_id=201"},"modified":"2022-05-25T12:15:18","modified_gmt":"2022-05-25T17:15:18","slug":"tracking","status":"publish","type":"page","link":"https:\/\/globeexpress.com.pe\/index.php\/tracking\/","title":{"rendered":"Tracking"},"content":{"rendered":"\t\t<div data-elementor-type=\"wp-page\" data-elementor-id=\"201\" class=\"elementor elementor-201\" data-elementor-settings=\"[]\">\n\t\t\t\t\t\t\t<div class=\"elementor-section-wrap\">\n\t\t\t\t\t\t\t<section class=\"elementor-section elementor-top-section elementor-element elementor-element-71d00bf elementor-section-boxed elementor-section-height-default elementor-section-height-default\" data-id=\"71d00bf\" data-element_type=\"section\">\n\t\t\t\t\t\t<div class=\"elementor-container elementor-column-gap-default\">\n\t\t\t\t\t<div class=\"elementor-column elementor-col-100 elementor-top-column elementor-element elementor-element-4f931fd\" data-id=\"4f931fd\" data-element_type=\"column\">\n\t\t\t<div class=\"elementor-widget-wrap elementor-element-populated\">\n\t\t\t\t\t\t\t\t<div class=\"elementor-element elementor-element-c8fdabb elementor-widget elementor-widget-text-editor\" data-id=\"c8fdabb\" data-element_type=\"widget\" data-widget_type=\"text-editor.default\">\n\t\t\t\t<div class=\"elementor-widget-container\">\n\t\t\t<style>\/*! elementor - v3.5.3 - 28-12-2021 *\/\n.elementor-widget-text-editor.elementor-drop-cap-view-stacked .elementor-drop-cap{background-color:#818a91;color:#fff}.elementor-widget-text-editor.elementor-drop-cap-view-framed .elementor-drop-cap{color:#818a91;border:3px solid;background-color:transparent}.elementor-widget-text-editor:not(.elementor-drop-cap-view-default) .elementor-drop-cap{margin-top:8px}.elementor-widget-text-editor:not(.elementor-drop-cap-view-default) .elementor-drop-cap-letter{width:1em;height:1em}.elementor-widget-text-editor .elementor-drop-cap{float:left;text-align:center;line-height:1;font-size:50px}.elementor-widget-text-editor .elementor-drop-cap-letter{display:inline-block}<\/style>\t\t\t\t<h2 style=\"text-align: right;\"><span style=\"color: #ff9900;\"><strong>TRACKING<\/strong><\/span><\/h2>\t\t\t\t\t\t<\/div>\n\t\t\t\t<\/div>\n\t\t\t\t\t<\/div>\n\t\t<\/div>\n\t\t\t\t\t\t\t<\/div>\n\t\t<\/section>\n\t\t\t\t<section class=\"elementor-section elementor-top-section elementor-element elementor-element-61c6932 elementor-section-boxed elementor-section-height-default elementor-section-height-default\" data-id=\"61c6932\" data-element_type=\"section\">\n\t\t\t\t\t\t<div class=\"elementor-container elementor-column-gap-default\">\n\t\t\t\t\t<div class=\"elementor-column elementor-col-100 elementor-top-column elementor-element elementor-element-1ac29ef\" data-id=\"1ac29ef\" data-element_type=\"column\">\n\t\t\t<div class=\"elementor-widget-wrap elementor-element-populated\">\n\t\t\t\t\t\t\t\t<div class=\"elementor-element elementor-element-a619eab elementor-widget elementor-widget-image\" data-id=\"a619eab\" data-element_type=\"widget\" data-widget_type=\"image.default\">\n\t\t\t\t<div class=\"elementor-widget-container\">\n\t\t\t<style>\/*! elementor - v3.5.3 - 28-12-2021 *\/\n.elementor-widget-image{text-align:center}.elementor-widget-image a{display:inline-block}.elementor-widget-image a img[src$=\".svg\"]{width:48px}.elementor-widget-image img{vertical-align:middle;display:inline-block}<\/style>\t\t\t\t\t\t\t\t\t\t\t\t<img width=\"1536\" height=\"683\" src=\"https:\/\/globeexpress.com.pe\/wp-content\/uploads\/2022\/01\/19ene-02-scaled-e1642805175110-1536x683.jpg\" class=\"attachment-1536x1536 size-1536x1536\" alt=\"\" loading=\"lazy\" srcset=\"https:\/\/globeexpress.com.pe\/wp-content\/uploads\/2022\/01\/19ene-02-scaled-e1642805175110-1536x683.jpg 1536w, https:\/\/globeexpress.com.pe\/wp-content\/uploads\/2022\/01\/19ene-02-scaled-e1642805175110-300x133.jpg 300w, https:\/\/globeexpress.com.pe\/wp-content\/uploads\/2022\/01\/19ene-02-scaled-e1642805175110-1024x456.jpg 1024w, https:\/\/globeexpress.com.pe\/wp-content\/uploads\/2022\/01\/19ene-02-scaled-e1642805175110-768x342.jpg 768w, https:\/\/globeexpress.com.pe\/wp-content\/uploads\/2022\/01\/19ene-02-scaled-e1642805175110-2048x911.jpg 2048w\" sizes=\"(max-width: 1536px) 100vw, 1536px\" \/>\t\t\t\t\t\t\t\t\t\t\t\t\t\t\t<\/div>\n\t\t\t\t<\/div>\n\t\t\t\t\t<\/div>\n\t\t<\/div>\n\t\t\t\t\t\t\t<\/div>\n\t\t<\/section>\n\t\t\t\t<section class=\"elementor-section elementor-top-section elementor-element elementor-element-78ac94d elementor-section-boxed elementor-section-height-default elementor-section-height-default\" data-id=\"78ac94d\" data-element_type=\"section\">\n\t\t\t\t\t\t<div class=\"elementor-container elementor-column-gap-default\">\n\t\t\t\t\t<div class=\"elementor-column elementor-col-100 elementor-top-column elementor-element elementor-element-fb5d862\" data-id=\"fb5d862\" data-element_type=\"column\">\n\t\t\t<div class=\"elementor-widget-wrap elementor-element-populated\">\n\t\t\t\t\t\t\t\t<div class=\"elementor-element elementor-element-84356d4 elementor-widget__width-inherit elementor-widget elementor-widget-text-editor\" data-id=\"84356d4\" data-element_type=\"widget\" data-widget_type=\"text-editor.default\">\n\t\t\t\t<div class=\"elementor-widget-container\">\n\t\t\t\t\t\t\t<p><span style=\"color: #000000;\">En GES entendemos lo que est\u00e1 en juego. No es su carga lo que estamos moviendo, sino las altas expectativas de sus clientes. Nos enfocamos en la agilidad, confiabilidad y eficiencia para asegurarnos de que est\u00e9 listo para cada oportunidad que se le presente, sin importar qu\u00e9 tan r\u00e1pido est\u00e9 cambiando el mercado.<\/span><\/p>\t\t\t\t\t\t<\/div>\n\t\t\t\t<\/div>\n\t\t\t\t\t<\/div>\n\t\t<\/div>\n\t\t\t\t\t\t\t<\/div>\n\t\t<\/section>\n\t\t\t\t<section class=\"elementor-section elementor-top-section elementor-element elementor-element-beda968 elementor-section-boxed elementor-section-height-default elementor-section-height-default\" data-id=\"beda968\" data-element_type=\"section\">\n\t\t\t\t\t\t<div class=\"elementor-container elementor-column-gap-default\">\n\t\t\t\t\t<div class=\"elementor-column elementor-col-100 elementor-top-column elementor-element elementor-element-aec81ba\" data-id=\"aec81ba\" data-element_type=\"column\">\n\t\t\t<div class=\"elementor-widget-wrap elementor-element-populated\">\n\t\t\t\t\t\t\t\t<div class=\"elementor-element elementor-element-647b473 elementor-widget elementor-widget-text-editor\" data-id=\"647b473\" data-element_type=\"widget\" data-widget_type=\"text-editor.default\">\n\t\t\t\t<div class=\"elementor-widget-container\">\n\t\t\t\t\t\t\t<h2 style=\"text-align: center;\"><span style=\"color: #ff9900;\"><strong>SEGUIMIENTO EN LINEA<\/strong><\/span><\/h2>\t\t\t\t\t\t<\/div>\n\t\t\t\t<\/div>\n\t\t\t\t\t<\/div>\n\t\t<\/div>\n\t\t\t\t\t\t\t<\/div>\n\t\t<\/section>\n\t\t\t\t<section class=\"elementor-section elementor-top-section elementor-element elementor-element-8bd0585 elementor-section-boxed elementor-section-height-default elementor-section-height-default\" data-id=\"8bd0585\" data-element_type=\"section\">\n\t\t\t\t\t\t<div class=\"elementor-container elementor-column-gap-default\">\n\t\t\t\t\t<div class=\"elementor-column elementor-col-100 elementor-top-column elementor-element elementor-element-bbe1af5\" data-id=\"bbe1af5\" data-element_type=\"column\">\n\t\t\t<div class=\"elementor-widget-wrap elementor-element-populated\">\n\t\t\t\t\t\t\t\t<div class=\"elementor-element elementor-element-0f65731 elementor-widget elementor-widget-text-editor\" data-id=\"0f65731\" data-element_type=\"widget\" data-widget_type=\"text-editor.default\">\n\t\t\t\t<div class=\"elementor-widget-container\">\n\t\t\t\t\t\t\t<iframe loading=\"lazy\" src=\"https:\/\/globeexpress.com.pe\/ope\/GES\/index.php\" name=\"track\" width=\"800\" height=\"900\"><\/iframe>\t\t\t\t\t\t<\/div>\n\t\t\t\t<\/div>\n\t\t\t\t\t<\/div>\n\t\t<\/div>\n\t\t\t\t\t\t\t<\/div>\n\t\t<\/section>\n\t\t\t\t<section class=\"elementor-section elementor-top-section elementor-element elementor-element-6c4f5ee elementor-section-boxed elementor-section-height-default elementor-section-height-default\" data-id=\"6c4f5ee\" data-element_type=\"section\">\n\t\t\t\t\t\t<div class=\"elementor-container elementor-column-gap-default\">\n\t\t\t\t\t<div class=\"elementor-column elementor-col-100 elementor-top-column elementor-element elementor-element-1a9a536\" data-id=\"1a9a536\" data-element_type=\"column\">\n\t\t\t<div class=\"elementor-widget-wrap elementor-element-populated\">\n\t\t\t\t\t\t\t\t<div class=\"elementor-element elementor-element-ab5b0f3 elementor-widget elementor-widget-text-editor\" data-id=\"ab5b0f3\" data-element_type=\"widget\" data-widget_type=\"text-editor.default\">\n\t\t\t\t<div class=\"elementor-widget-container\">\n\t\t\t\t\t\t\t<p style=\"text-align: center;\"><span style=\"color: #008000;\">#DeliveredWithCare #GES<\/span><\/p>\t\t\t\t\t\t<\/div>\n\t\t\t\t<\/div>\n\t\t\t\t\t<\/div>\n\t\t<\/div>\n\t\t\t\t\t\t\t<\/div>\n\t\t<\/section>\n\t\t\t\t\t\t<\/div>\n\t\t\t\t\t<\/div>\n\t\t","protected":false},"excerpt":{"rendered":"<p>TRACKING En GES entendemos lo que est\u00e1 en juego. No es su carga lo que estamos moviendo, sino las altas expectativas de sus clientes. Nos enfocamos en la agilidad, confiabilidad y eficiencia para asegurarnos de que est\u00e9 listo para cada oportunidad que se le presente, sin importar qu\u00e9 tan r\u00e1pido est\u00e9 cambiando el mercado. SEGUIMIENTO [&hellip;]<\/p>\n","protected":false},"author":1,"featured_media":0,"parent":0,"menu_order":0,"comment_status":"closed","ping_status":"closed","template":"elementor_header_footer","meta":[],"_links":{"self":[{"href":"https:\/\/globeexpress.com.pe\/index.php\/wp-json\/wp\/v2\/pages\/201"}],"collection":[{"href":"https:\/\/globeexpress.com.pe\/index.php\/wp-json\/wp\/v2\/pages"}],"about":[{"href":"https:\/\/globeexpress.com.pe\/index.php\/wp-json\/wp\/v2\/types\/page"}],"author":[{"embeddable":true,"href":"https:\/\/globeexpress.com.pe\/index.php\/wp-json\/wp\/v2\/users\/1"}],"replies":[{"embeddable":true,"href":"https:\/\/globeexpress.com.pe\/index.php\/wp-json\/wp\/v2\/comments?post=201"}],"version-history":[{"count":56,"href":"https:\/\/globeexpress.com.pe\/index.php\/wp-json\/wp\/v2\/pages\/201\/revisions"}],"predecessor-version":[{"id":1069,"href":"https:\/\/globeexpress.com.pe\/index.php\/wp-json\/wp\/v2\/pages\/201\/revisions\/1069"}],"wp:attachment":[{"href":"https:\/\/globeexpress.com.pe\/index.php\/wp-json\/wp\/v2\/media?parent=201"}],"curies":[{"name":"wp","href":"https:\/\/api.w.org\/{rel}","templated":true}]}}