{"id":208,"date":"2021-12-29T20:58:12","date_gmt":"2021-12-30T01:58:12","guid":{"rendered":"http:\/\/165.227.26.54\/?page_id=208"},"modified":"2026-03-11T11:13:53","modified_gmt":"2026-03-11T16:13:53","slug":"tarifario","status":"publish","type":"page","link":"https:\/\/globeexpress.com.pe\/index.php\/tarifario\/","title":{"rendered":"Tarifario"},"content":{"rendered":"\t\t<div data-elementor-type=\"wp-page\" data-elementor-id=\"208\" class=\"elementor elementor-208\" data-elementor-settings=\"[]\">\n\t\t\t\t\t\t\t<div class=\"elementor-section-wrap\">\n\t\t\t\t\t\t\t<section class=\"elementor-section elementor-top-section elementor-element elementor-element-460f2bd elementor-section-boxed elementor-section-height-default elementor-section-height-default\" data-id=\"460f2bd\" data-element_type=\"section\">\n\t\t\t\t\t\t<div class=\"elementor-container elementor-column-gap-default\">\n\t\t\t\t\t<div class=\"elementor-column elementor-col-100 elementor-top-column elementor-element elementor-element-dbdea00\" data-id=\"dbdea00\" data-element_type=\"column\">\n\t\t\t<div class=\"elementor-widget-wrap elementor-element-populated\">\n\t\t\t\t\t\t\t\t<div class=\"elementor-element elementor-element-e3b1d37 elementor-widget elementor-widget-text-editor\" data-id=\"e3b1d37\" data-element_type=\"widget\" data-widget_type=\"text-editor.default\">\n\t\t\t\t<div class=\"elementor-widget-container\">\n\t\t\t<style>\/*! elementor - v3.5.3 - 28-12-2021 *\/\n.elementor-widget-text-editor.elementor-drop-cap-view-stacked .elementor-drop-cap{background-color:#818a91;color:#fff}.elementor-widget-text-editor.elementor-drop-cap-view-framed .elementor-drop-cap{color:#818a91;border:3px solid;background-color:transparent}.elementor-widget-text-editor:not(.elementor-drop-cap-view-default) .elementor-drop-cap{margin-top:8px}.elementor-widget-text-editor:not(.elementor-drop-cap-view-default) .elementor-drop-cap-letter{width:1em;height:1em}.elementor-widget-text-editor .elementor-drop-cap{float:left;text-align:center;line-height:1;font-size:50px}.elementor-widget-text-editor .elementor-drop-cap-letter{display:inline-block}<\/style>\t\t\t\t<h2 style=\"text-align: right;\"><span style=\"color: #ff9900;\"><strong>TARIFARIO<\/strong><\/span><\/h2>\t\t\t\t\t\t<\/div>\n\t\t\t\t<\/div>\n\t\t\t\t<div class=\"elementor-element elementor-element-a7381c1 elementor-widget elementor-widget-image\" data-id=\"a7381c1\" data-element_type=\"widget\" data-widget_type=\"image.default\">\n\t\t\t\t<div class=\"elementor-widget-container\">\n\t\t\t<style>\/*! elementor - v3.5.3 - 28-12-2021 *\/\n.elementor-widget-image{text-align:center}.elementor-widget-image a{display:inline-block}.elementor-widget-image a img[src$=\".svg\"]{width:48px}.elementor-widget-image img{vertical-align:middle;display:inline-block}<\/style>\t\t\t\t\t\t\t\t\t\t\t\t<img width=\"1536\" height=\"541\" src=\"https:\/\/globeexpress.com.pe\/wp-content\/uploads\/2022\/01\/19ene-11-scaled-e1642803743683-1536x541.jpg\" class=\"attachment-1536x1536 size-1536x1536\" alt=\"asd\" loading=\"lazy\" srcset=\"https:\/\/globeexpress.com.pe\/wp-content\/uploads\/2022\/01\/19ene-11-scaled-e1642803743683-1536x541.jpg 1536w, https:\/\/globeexpress.com.pe\/wp-content\/uploads\/2022\/01\/19ene-11-scaled-e1642803743683-300x106.jpg 300w, https:\/\/globeexpress.com.pe\/wp-content\/uploads\/2022\/01\/19ene-11-scaled-e1642803743683-1024x361.jpg 1024w, https:\/\/globeexpress.com.pe\/wp-content\/uploads\/2022\/01\/19ene-11-scaled-e1642803743683-768x271.jpg 768w, https:\/\/globeexpress.com.pe\/wp-content\/uploads\/2022\/01\/19ene-11-scaled-e1642803743683-2048x722.jpg 2048w\" sizes=\"(max-width: 1536px) 100vw, 1536px\" \/>\t\t\t\t\t\t\t\t\t\t\t\t\t\t\t<\/div>\n\t\t\t\t<\/div>\n\t\t\t\t\t<\/div>\n\t\t<\/div>\n\t\t\t\t\t\t\t<\/div>\n\t\t<\/section>\n\t\t\t\t<section class=\"elementor-section elementor-top-section elementor-element elementor-element-e829f1d elementor-section-boxed elementor-section-height-default elementor-section-height-default\" data-id=\"e829f1d\" data-element_type=\"section\">\n\t\t\t\t\t\t<div class=\"elementor-container elementor-column-gap-default\">\n\t\t\t\t\t<div class=\"elementor-column elementor-col-100 elementor-top-column elementor-element elementor-element-afb001e\" data-id=\"afb001e\" data-element_type=\"column\">\n\t\t\t<div class=\"elementor-widget-wrap elementor-element-populated\">\n\t\t\t\t\t\t\t\t<div class=\"elementor-element elementor-element-40686e0 elementor-widget__width-inherit elementor-widget elementor-widget-text-editor\" data-id=\"40686e0\" data-element_type=\"widget\" data-widget_type=\"text-editor.default\">\n\t\t\t\t<div class=\"elementor-widget-container\">\n\t\t\t\t\t\t\t<p><span style=\"color: #000000;\">El ahorro de costos no se trata solo de pagar menos, sino que a menudo tambi\u00e9n se trata de hacer las cosas m\u00e1s r\u00e1pido, tener procesos de cadena de suministro eficientes y acceder a datos bien organizados que permitan una mejor toma de decisiones.<\/span><\/p>\t\t\t\t\t\t<\/div>\n\t\t\t\t<\/div>\n\t\t\t\t\t<\/div>\n\t\t<\/div>\n\t\t\t\t\t\t\t<\/div>\n\t\t<\/section>\n\t\t\t\t<section class=\"elementor-section elementor-top-section elementor-element elementor-element-6868a04 elementor-section-boxed elementor-section-height-default elementor-section-height-default\" data-id=\"6868a04\" data-element_type=\"section\">\n\t\t\t\t\t\t<div class=\"elementor-container elementor-column-gap-default\">\n\t\t\t\t\t<div class=\"elementor-column elementor-col-100 elementor-top-column elementor-element elementor-element-fd4374d\" data-id=\"fd4374d\" data-element_type=\"column\">\n\t\t\t<div class=\"elementor-widget-wrap elementor-element-populated\">\n\t\t\t\t\t\t\t\t<div class=\"elementor-element elementor-element-7cb8e1d elementor-widget elementor-widget-text-editor\" data-id=\"7cb8e1d\" data-element_type=\"widget\" data-widget_type=\"text-editor.default\">\n\t\t\t\t<div class=\"elementor-widget-container\">\n\t\t\t\t\t\t\t<h2 style=\"text-align: center;\"><span style=\"color: #ff9900;\"><strong>TARIFARIO VIGENTE<\/strong><\/span><\/h2>\t\t\t\t\t\t<\/div>\n\t\t\t\t<\/div>\n\t\t\t\t\t<\/div>\n\t\t<\/div>\n\t\t\t\t\t\t\t<\/div>\n\t\t<\/section>\n\t\t\t\t<section class=\"elementor-section elementor-top-section elementor-element elementor-element-eeda72d elementor-section-boxed elementor-section-height-default elementor-section-height-default\" data-id=\"eeda72d\" data-element_type=\"section\">\n\t\t\t\t\t\t<div class=\"elementor-container elementor-column-gap-default\">\n\t\t\t\t\t<div class=\"elementor-column elementor-col-100 elementor-top-column elementor-element elementor-element-80de580\" data-id=\"80de580\" data-element_type=\"column\">\n\t\t\t<div class=\"elementor-widget-wrap elementor-element-populated\">\n\t\t\t\t\t\t\t\t<div class=\"elementor-element elementor-element-71a8c8d elementor-widget elementor-widget-text-editor\" data-id=\"71a8c8d\" data-element_type=\"widget\" data-widget_type=\"text-editor.default\">\n\t\t\t\t<div class=\"elementor-widget-container\">\n\t\t\t\t\t\t\t<table style=\"height: 100px;\" border=\"0\" width=\"100%\" cellspacing=\"0\"><colgroup width=\"25%\"><\/colgroup> <colgroup width=\"25%\"><\/colgroup> <colgroup width=\"25%\"><\/colgroup> <colgroup width=\"25%\"><\/colgroup>\n<tbody>\n<tr>\n<td style=\"text-align: center;\" align=\"center\" valign=\"bottom\" bgcolor=\"#004262\"><center><b>Tarifario<\/b><\/center><\/td>\n<td align=\"center\" valign=\"bottom\" bgcolor=\"#004262\"><center><b>Fecha de emisi\u00f3n (desde)<\/b><\/center><\/td>\n<td align=\"center\" valign=\"bottom\" bgcolor=\"#004262\"><center><b>Vigencia (hasta)<\/b><\/center><\/td>\n<td align=\"center\" valign=\"bottom\" bgcolor=\"#004262\"><center><b>Descargar PDF<\/b><\/center><\/td>\n<\/tr>\n<tr>\n<td align=\"center\" valign=\"bottom\" bgcolor=\"#004262\"><center><b>Tarifario 002-2025<\/b><\/center><\/td>\n<td align=\"center\" valign=\"bottom\" bgcolor=\"#004262\"><center><b>01-05-2025\u00a0<\/b><\/center><\/td>\n<td align=\"center\" valign=\"bottom\" bgcolor=\"#004262\"><center><b>30-08-2025\u00a0<\/b><\/center><\/td>\n<td align=\"center\" valign=\"bottom\" bgcolor=\"#004262\"><center><a style=\"color: #ffffff;\" href=\"https:\/\/globeexpress.com.pe\/wp-content\/uploads\/2025\/08\/Tarifario-2_GESPERU_01MAY2025_30AUG2025_CALLAO.pdf\" target=\"_blank\" rel=\"noopener\">DESCARGAR<\/a><\/center><\/td>\n<\/tr>\n\n<tr>\n<td align=\"center\" valign=\"bottom\" bgcolor=\"#004262\"><center><b>Tarifario 001-2026- CALLAO<\/b><\/center><\/td>\n<td align=\"center\" valign=\"bottom\" bgcolor=\"#004262\"><center><b>01-01-2026\u00a0<\/b><\/center><\/td>\n<td align=\"center\" valign=\"bottom\" bgcolor=\"#004262\"><center><b>15-04-2026\u00a0<\/b><\/center><\/td>\n<td align=\"center\" valign=\"bottom\" bgcolor=\"#004262\"><center><a style=\"color: #ffffff;\" href=\"https:\/\/globeexpress.com.pe\/wp-content\/uploads\/2026\/03\/Tarifario_GESPERU_16MAR2026_15ABR2026_CALLAO.pdf\" target=\"_blank\" rel=\"noopener\">DESCARGAR<\/a><\/center><\/td>\n<\/tr>\n\n<tr>\n<td align=\"center\" valign=\"bottom\" bgcolor=\"#004262\"><center><b>Tarifario 001-2026- PAITA<\/b><\/center><\/td>\n<td align=\"center\" valign=\"bottom\" bgcolor=\"#004262\"><center><b>01-01-2026\u00a0<\/b><\/center><\/td>\n<td align=\"center\" valign=\"bottom\" bgcolor=\"#004262\"><center><b>15-04-2026\u00a0<\/b><\/center><\/td>\n<td align=\"center\" valign=\"bottom\" bgcolor=\"#004262\"><center><a style=\"color: #ffffff;\" href=\"https:\/\/globeexpress.com.pe\/wp-content\/uploads\/2026\/03\/Tarifario_GESPERU_16MAR2026_15ABR2026_PAITA.pdf\" target=\"_blank\" rel=\"noopener\">DESCARGAR<\/a><\/center><\/td>\n<\/tr>\n\n\n<\/tbody>\n<\/table>\t\t\t\t\t\t<\/div>\n\t\t\t\t<\/div>\n\t\t\t\t\t<\/div>\n\t\t<\/div>\n\t\t\t\t\t\t\t<\/div>\n\t\t<\/section>\n\t\t\t\t<section class=\"elementor-section elementor-top-section elementor-element elementor-element-2cc515d elementor-section-boxed elementor-section-height-default elementor-section-height-default\" data-id=\"2cc515d\" data-element_type=\"section\">\n\t\t\t\t\t\t<div class=\"elementor-container elementor-column-gap-default\">\n\t\t\t\t\t<div class=\"elementor-column elementor-col-100 elementor-top-column elementor-element elementor-element-034b795\" data-id=\"034b795\" data-element_type=\"column\">\n\t\t\t<div class=\"elementor-widget-wrap elementor-element-populated\">\n\t\t\t\t\t\t\t\t<div class=\"elementor-element elementor-element-56a516c elementor-widget elementor-widget-text-editor\" data-id=\"56a516c\" data-element_type=\"widget\" data-widget_type=\"text-editor.default\">\n\t\t\t\t<div class=\"elementor-widget-container\">\n\t\t\t\t\t\t\t<h2 style=\"text-align: center;\"><span style=\"color: #ff9900;\"><strong>NUESTROS NUMEROS DE CUENTA<\/strong><\/span><\/h2>\t\t\t\t\t\t<\/div>\n\t\t\t\t<\/div>\n\t\t\t\t\t<\/div>\n\t\t<\/div>\n\t\t\t\t\t\t\t<\/div>\n\t\t<\/section>\n\t\t\t\t<section class=\"elementor-section elementor-top-section elementor-element elementor-element-88227d6 elementor-section-boxed elementor-section-height-default elementor-section-height-default\" data-id=\"88227d6\" data-element_type=\"section\">\n\t\t\t\t\t\t<div class=\"elementor-container elementor-column-gap-default\">\n\t\t\t\t\t<div class=\"elementor-column elementor-col-100 elementor-top-column elementor-element elementor-element-06184a3\" data-id=\"06184a3\" data-element_type=\"column\">\n\t\t\t<div class=\"elementor-widget-wrap elementor-element-populated\">\n\t\t\t\t\t\t\t\t<div class=\"elementor-element elementor-element-e98ca9c elementor-widget elementor-widget-image\" data-id=\"e98ca9c\" data-element_type=\"widget\" data-widget_type=\"image.default\">\n\t\t\t\t<div class=\"elementor-widget-container\">\n\t\t\t\t\t\t\t\t\t\t\t\t\t\t\t<img width=\"215\" height=\"160\" src=\"https:\/\/globeexpress.com.pe\/wp-content\/uploads\/2022\/01\/bancos-e1642803367554.png\" class=\"attachment-large size-large\" alt=\"\" loading=\"lazy\" \/>\t\t\t\t\t\t\t\t\t\t\t\t\t\t\t<\/div>\n\t\t\t\t<\/div>\n\t\t\t\t\t<\/div>\n\t\t<\/div>\n\t\t\t\t\t\t\t<\/div>\n\t\t<\/section>\n\t\t\t\t<section class=\"elementor-section elementor-top-section elementor-element elementor-element-06446cc elementor-section-boxed elementor-section-height-default elementor-section-height-default\" data-id=\"06446cc\" data-element_type=\"section\">\n\t\t\t\t\t\t<div class=\"elementor-container elementor-column-gap-default\">\n\t\t\t\t\t<div class=\"elementor-column elementor-col-100 elementor-top-column elementor-element elementor-element-1b63d7e\" data-id=\"1b63d7e\" data-element_type=\"column\">\n\t\t\t<div class=\"elementor-widget-wrap elementor-element-populated\">\n\t\t\t\t\t\t\t\t<div class=\"elementor-element elementor-element-537e365 elementor-widget__width-inherit elementor-widget elementor-widget-text-editor\" data-id=\"537e365\" data-element_type=\"widget\" data-widget_type=\"text-editor.default\">\n\t\t\t\t<div class=\"elementor-widget-container\">\n\t\t\t\t\t\t\t<p style=\"text-align: center;\"><span style=\"color: #ff9900;\"><a style=\"color: #ff9900;\" href=\"http:\/\/165.227.26.54\/wp-content\/uploads\/2022\/01\/Cuentas-Bancarias-GES.pdf\">DESCARGAR PDF<\/a><\/span><\/p>\t\t\t\t\t\t<\/div>\n\t\t\t\t<\/div>\n\t\t\t\t\t<\/div>\n\t\t<\/div>\n\t\t\t\t\t\t\t<\/div>\n\t\t<\/section>\n\t\t\t\t<section class=\"elementor-section elementor-top-section elementor-element elementor-element-2f9dcb4 elementor-section-boxed elementor-section-height-default elementor-section-height-default\" data-id=\"2f9dcb4\" data-element_type=\"section\">\n\t\t\t\t\t\t<div class=\"elementor-container elementor-column-gap-default\">\n\t\t\t\t\t<div class=\"elementor-column elementor-col-100 elementor-top-column elementor-element elementor-element-196f701\" data-id=\"196f701\" data-element_type=\"column\">\n\t\t\t<div class=\"elementor-widget-wrap elementor-element-populated\">\n\t\t\t\t\t\t\t\t<div class=\"elementor-element elementor-element-ccc8590 elementor-widget elementor-widget-text-editor\" data-id=\"ccc8590\" data-element_type=\"widget\" data-widget_type=\"text-editor.default\">\n\t\t\t\t<div class=\"elementor-widget-container\">\n\t\t\t\t\t\t\t<p style=\"text-align: center;\"><span style=\"color: #008000;\">#DeliveredWithCare #GES<\/span><\/p>\t\t\t\t\t\t<\/div>\n\t\t\t\t<\/div>\n\t\t\t\t\t<\/div>\n\t\t<\/div>\n\t\t\t\t\t\t\t<\/div>\n\t\t<\/section>\n\t\t\t\t\t\t<\/div>\n\t\t\t\t\t<\/div>\n\t\t","protected":false},"excerpt":{"rendered":"<p>TARIFARIO El ahorro de costos no se trata solo de pagar menos, sino que a menudo tambi\u00e9n se trata de hacer las cosas m\u00e1s r\u00e1pido, tener procesos de cadena de suministro eficientes y acceder a datos bien organizados que permitan una mejor toma de decisiones. TARIFARIO VIGENTE Tarifario Fecha de emisi\u00f3n (desde) Vigencia (hasta) Descargar [&hellip;]<\/p>\n","protected":false},"author":1,"featured_media":0,"parent":0,"menu_order":0,"comment_status":"closed","ping_status":"closed","template":"elementor_header_footer","meta":[],"_links":{"self":[{"href":"https:\/\/globeexpress.com.pe\/index.php\/wp-json\/wp\/v2\/pages\/208"}],"collection":[{"href":"https:\/\/globeexpress.com.pe\/index.php\/wp-json\/wp\/v2\/pages"}],"about":[{"href":"https:\/\/globeexpress.com.pe\/index.php\/wp-json\/wp\/v2\/types\/page"}],"author":[{"embeddable":true,"href":"https:\/\/globeexpress.com.pe\/index.php\/wp-json\/wp\/v2\/users\/1"}],"replies":[{"embeddable":true,"href":"https:\/\/globeexpress.com.pe\/index.php\/wp-json\/wp\/v2\/comments?post=208"}],"version-history":[{"count":118,"href":"https:\/\/globeexpress.com.pe\/index.php\/wp-json\/wp\/v2\/pages\/208\/revisions"}],"predecessor-version":[{"id":1262,"href":"https:\/\/globeexpress.com.pe\/index.php\/wp-json\/wp\/v2\/pages\/208\/revisions\/1262"}],"wp:attachment":[{"href":"https:\/\/globeexpress.com.pe\/index.php\/wp-json\/wp\/v2\/media?parent=208"}],"curies":[{"name":"wp","href":"https:\/\/api.w.org\/{rel}","templated":true}]}}