{"id":269,"date":"2021-12-29T22:46:05","date_gmt":"2021-12-30T03:46:05","guid":{"rendered":"http:\/\/165.227.26.54\/?page_id=269"},"modified":"2026-03-11T11:42:21","modified_gmt":"2026-03-11T16:42:21","slug":"contactenos","status":"publish","type":"page","link":"https:\/\/globeexpress.com.pe\/index.php\/contactenos\/","title":{"rendered":"Contactenos"},"content":{"rendered":"\t\t<div data-elementor-type=\"wp-page\" data-elementor-id=\"269\" class=\"elementor elementor-269\" data-elementor-settings=\"[]\">\n\t\t\t\t\t\t\t<div class=\"elementor-section-wrap\">\n\t\t\t\t\t\t\t<section class=\"elementor-section elementor-top-section elementor-element elementor-element-b408c7f elementor-section-boxed elementor-section-height-default elementor-section-height-default\" data-id=\"b408c7f\" data-element_type=\"section\">\n\t\t\t\t\t\t<div class=\"elementor-container elementor-column-gap-default\">\n\t\t\t\t\t<div class=\"elementor-column elementor-col-100 elementor-top-column elementor-element elementor-element-71bebcc\" data-id=\"71bebcc\" data-element_type=\"column\">\n\t\t\t<div class=\"elementor-widget-wrap elementor-element-populated\">\n\t\t\t\t\t\t\t\t<div class=\"elementor-element elementor-element-a7ac54a elementor-widget elementor-widget-text-editor\" data-id=\"a7ac54a\" data-element_type=\"widget\" data-widget_type=\"text-editor.default\">\n\t\t\t\t<div class=\"elementor-widget-container\">\n\t\t\t<style>\/*! elementor - v3.5.3 - 28-12-2021 *\/\n.elementor-widget-text-editor.elementor-drop-cap-view-stacked .elementor-drop-cap{background-color:#818a91;color:#fff}.elementor-widget-text-editor.elementor-drop-cap-view-framed .elementor-drop-cap{color:#818a91;border:3px solid;background-color:transparent}.elementor-widget-text-editor:not(.elementor-drop-cap-view-default) .elementor-drop-cap{margin-top:8px}.elementor-widget-text-editor:not(.elementor-drop-cap-view-default) .elementor-drop-cap-letter{width:1em;height:1em}.elementor-widget-text-editor .elementor-drop-cap{float:left;text-align:center;line-height:1;font-size:50px}.elementor-widget-text-editor .elementor-drop-cap-letter{display:inline-block}<\/style>\t\t\t\t<h2 style=\"text-align: left;\"><span style=\"color: #ff9900;\"><strong>ATENCI\u00d3N AL CLIENTE<\/strong><\/span><\/h2>\t\t\t\t\t\t<\/div>\n\t\t\t\t<\/div>\n\t\t\t\t\t<\/div>\n\t\t<\/div>\n\t\t\t\t\t\t\t<\/div>\n\t\t<\/section>\n\t\t\t\t<section class=\"elementor-section elementor-top-section elementor-element elementor-element-c87f641 elementor-section-boxed elementor-section-height-default elementor-section-height-default\" data-id=\"c87f641\" data-element_type=\"section\">\n\t\t\t\t\t\t<div class=\"elementor-container elementor-column-gap-default\">\n\t\t\t\t\t<div class=\"elementor-column elementor-col-33 elementor-top-column elementor-element elementor-element-d53b942\" data-id=\"d53b942\" data-element_type=\"column\">\n\t\t\t<div class=\"elementor-widget-wrap elementor-element-populated\">\n\t\t\t\t\t\t\t\t<div class=\"elementor-element elementor-element-0bfc866 elementor-widget elementor-widget-image\" data-id=\"0bfc866\" data-element_type=\"widget\" data-widget_type=\"image.default\">\n\t\t\t\t<div class=\"elementor-widget-container\">\n\t\t\t<style>\/*! elementor - v3.5.3 - 28-12-2021 *\/\n.elementor-widget-image{text-align:center}.elementor-widget-image a{display:inline-block}.elementor-widget-image a img[src$=\".svg\"]{width:48px}.elementor-widget-image img{vertical-align:middle;display:inline-block}<\/style>\t\t\t\t\t\t\t\t\t\t\t\t<img width=\"252\" height=\"239\" src=\"https:\/\/globeexpress.com.pe\/wp-content\/uploads\/2021\/12\/WhatsApp-Image-2021-12-28-at-23.37.56.jpeg\" class=\"attachment-large size-large\" alt=\"\" loading=\"lazy\" \/>\t\t\t\t\t\t\t\t\t\t\t\t\t\t\t<\/div>\n\t\t\t\t<\/div>\n\t\t\t\t\t<\/div>\n\t\t<\/div>\n\t\t\t\t<div class=\"elementor-column elementor-col-33 elementor-top-column elementor-element elementor-element-0d33a22\" data-id=\"0d33a22\" data-element_type=\"column\">\n\t\t\t<div class=\"elementor-widget-wrap elementor-element-populated\">\n\t\t\t\t\t\t\t\t<div class=\"elementor-element elementor-element-8f47b68 elementor-widget elementor-widget-text-editor\" data-id=\"8f47b68\" data-element_type=\"widget\" data-widget_type=\"text-editor.default\">\n\t\t\t\t<div class=\"elementor-widget-container\">\n\t\t\t\t\t\t\t<p><span style=\"color: #000000;\"><strong>Globe Express Services SAC (Per\u00fa)<\/strong><\/span><br \/><span style=\"color: #000000;\">Calle Martir Jose Olaya 129 int 707 Miraflores.<br \/>Lima &#8211; Per\u00fa<\/span><br \/><br \/><br \/><span style=\"color: blue;\"><br \/><strong>Estimado(a) cliente :<\/strong><\/span><\/p><h5 style=\"font-weight: 400; color: blue;\">Por favor agradeceremos antes de comunicarse con nosotros ;\u00a0<strong><u>verificar bien la RAZON SOCIAL de la empresa<\/u><\/strong>\u00a0que est\u00e1n buscando.<\/h5><h5 style=\"font-weight: 400; color: blue;\"><strong>Nosotros NO somos una empresa de COURIER ni PAQUETERIA ; somos un Agente de carga Internacional dedicada a otro rubro.<\/strong><\/h5><h5 style=\"font-weight: 400; color: blue;\"><strong><u><mark>NO somos la Empresa\u00a0\u201cGLOBAL\u201d\u00a0EXPRESS\u00a0; \u00a0Somos\u00a0\u201cGLOBE\u201d\u00a0EXPRESS SERVICES SAC\u00a0<\/mark><\/u><\/strong><strong><u>; no trabajamos con ninguna tienda virtual (web).<\/u><\/strong><\/h5><h5 style=\"font-weight: 400; color: blue;\">Atentamente ;<\/h5><h5 style=\"font-weight: 400; color: blue;\"><strong>GLOBE EXPRESS SERVICES SAC<\/strong><\/h5><h5 style=\"font-weight: 400; color: blue;\"><strong>GERENCIA<\/strong><\/h5><p><span style=\"color: #ff9900;\"><strong>Para cualquier consulta o status de sus cargas<\/strong><br \/><strong>por favor cont\u00e1ctenos a nuestros n\u00fameros<\/strong><br \/><strong>telef\u00f3nicos o correos directos:<\/strong><\/span><br \/><span style=\"color: #000000;\"><br \/><br \/><br \/><strong>Tel\u00e9fono:<\/strong><\/span><br \/><span style=\"color: #000000;\"><span style=\"font-size: 14px;\">+51-1-9001558<\/span><\/span><br \/><b style=\"color: #000000;\">Email:<\/b><br \/><span style=\"color: #000000;\"><span style=\"text-decoration: underline;\">Servicio al cliente<\/span> : opgesperu@globeexpress.com<\/span><\/p>\t\t\t\t\t\t<\/div>\n\t\t\t\t<\/div>\n\t\t\t\t\t<\/div>\n\t\t<\/div>\n\t\t\t\t<div class=\"elementor-column elementor-col-33 elementor-top-column elementor-element elementor-element-aee786e\" data-id=\"aee786e\" data-element_type=\"column\">\n\t\t\t<div class=\"elementor-widget-wrap elementor-element-populated\">\n\t\t\t\t\t\t\t\t<div class=\"elementor-element elementor-element-8a23e98 elementor-widget elementor-widget-html\" data-id=\"8a23e98\" data-element_type=\"widget\" data-widget_type=\"html.default\">\n\t\t\t\t<div class=\"elementor-widget-container\">\n\t\t\t<a href=http:\/\/globeexpress.com.pe\/index.php\/contactenos\/#libro><img src=http:\/\/globeexpress.com.pe\/wp-content\/uploads\/2021\/12\/reclamacion.jpeg><\/a>\t\t<\/div>\n\t\t\t\t<\/div>\n\t\t\t\t\t<\/div>\n\t\t<\/div>\n\t\t\t\t\t\t\t<\/div>\n\t\t<\/section>\n\t\t\t\t<section class=\"elementor-section elementor-top-section elementor-element elementor-element-cbe048d elementor-section-boxed elementor-section-height-default elementor-section-height-default\" data-id=\"cbe048d\" data-element_type=\"section\">\n\t\t\t\t\t\t<div class=\"elementor-container elementor-column-gap-default\">\n\t\t\t\t\t<div class=\"elementor-column elementor-col-100 elementor-top-column elementor-element elementor-element-5c6a281\" data-id=\"5c6a281\" data-element_type=\"column\">\n\t\t\t<div class=\"elementor-widget-wrap elementor-element-populated\">\n\t\t\t\t\t\t\t\t<div class=\"elementor-element elementor-element-0bc46a1 elementor-widget elementor-widget-text-editor\" data-id=\"0bc46a1\" data-element_type=\"widget\" data-widget_type=\"text-editor.default\">\n\t\t\t\t<div class=\"elementor-widget-container\">\n\t\t\t\t\t\t\t<h2 style=\"text-align: left;\"><span style=\"color: #ff9900;\"><strong>UBICANOS<\/strong><\/span><\/h2>\t\t\t\t\t\t<\/div>\n\t\t\t\t<\/div>\n\t\t\t\t\t<\/div>\n\t\t<\/div>\n\t\t\t\t\t\t\t<\/div>\n\t\t<\/section>\n\t\t\t\t<section class=\"elementor-section elementor-top-section elementor-element elementor-element-16b7908 elementor-section-boxed elementor-section-height-default elementor-section-height-default\" data-id=\"16b7908\" data-element_type=\"section\">\n\t\t\t\t\t\t<div class=\"elementor-container elementor-column-gap-default\">\n\t\t\t\t\t<div class=\"elementor-column elementor-col-100 elementor-top-column elementor-element elementor-element-9807829\" data-id=\"9807829\" data-element_type=\"column\">\n\t\t\t<div class=\"elementor-widget-wrap elementor-element-populated\">\n\t\t\t\t\t\t\t\t<div class=\"elementor-element elementor-element-e54ba8c elementor-widget elementor-widget-google_maps\" data-id=\"e54ba8c\" data-element_type=\"widget\" data-widget_type=\"google_maps.default\">\n\t\t\t\t<div class=\"elementor-widget-container\">\n\t\t\t<style>\/*! elementor - v3.5.3 - 28-12-2021 *\/\n.elementor-widget-google_maps .elementor-widget-container{overflow:hidden}.elementor-widget-google_maps iframe{height:300px}<\/style>\t\t<div class=\"elementor-custom-embed\">\n\t\t\t<iframe frameborder=\"0\" scrolling=\"no\" marginheight=\"0\" marginwidth=\"0\"\n\t\t\t\t\tsrc=\"https:\/\/maps.google.com\/maps?q=calle%20martir%20jose%20olaya%20129%20miraflores&#038;t=m&#038;z=10&#038;output=embed&#038;iwloc=near\"\n\t\t\t\t\ttitle=\"calle martir jose olaya 129 miraflores\"\n\t\t\t\t\taria-label=\"calle martir jose olaya 129 miraflores\"\n\t\t\t><\/iframe>\n\t\t<\/div>\n\t\t\t\t<\/div>\n\t\t\t\t<\/div>\n\t\t\t\t\t<\/div>\n\t\t<\/div>\n\t\t\t\t\t\t\t<\/div>\n\t\t<\/section>\n\t\t\t\t<section class=\"elementor-section elementor-top-section elementor-element elementor-element-ce7b605 elementor-section-boxed elementor-section-height-default elementor-section-height-default\" data-id=\"ce7b605\" data-element_type=\"section\">\n\t\t\t\t\t\t<div class=\"elementor-container elementor-column-gap-default\">\n\t\t\t\t\t<div class=\"elementor-column elementor-col-100 elementor-top-column elementor-element elementor-element-e7118e2\" data-id=\"e7118e2\" data-element_type=\"column\">\n\t\t\t<div class=\"elementor-widget-wrap\">\n\t\t\t\t\t\t\t\t\t<\/div>\n\t\t<\/div>\n\t\t\t\t\t\t\t<\/div>\n\t\t<\/section>\n\t\t\t\t<section class=\"elementor-section elementor-top-section elementor-element elementor-element-89eccc4 elementor-section-boxed elementor-section-height-default elementor-section-height-default\" data-id=\"89eccc4\" data-element_type=\"section\">\n\t\t\t\t\t\t<div class=\"elementor-container elementor-column-gap-default\">\n\t\t\t\t\t<div class=\"elementor-column elementor-col-100 elementor-top-column elementor-element elementor-element-99231be\" data-id=\"99231be\" data-element_type=\"column\">\n\t\t\t<div class=\"elementor-widget-wrap elementor-element-populated\">\n\t\t\t\t\t\t\t\t<div class=\"elementor-element elementor-element-e8c5981 elementor-widget elementor-widget-text-editor\" data-id=\"e8c5981\" data-element_type=\"widget\" data-widget_type=\"text-editor.default\">\n\t\t\t\t<div class=\"elementor-widget-container\">\n\t\t\t\t\t\t\t<section id=\"libro\"><h2 style=\"text-align: left;\"><span style=\"color: #ff9900;\"><strong>LIBRO DE RECLAMACIONES<\/strong><\/span><\/h2><\/section>\t\t\t\t\t\t<\/div>\n\t\t\t\t<\/div>\n\t\t\t\t\t<\/div>\n\t\t<\/div>\n\t\t\t\t\t\t\t<\/div>\n\t\t<\/section>\n\t\t\t\t<section class=\"elementor-section elementor-top-section elementor-element elementor-element-7337d5b elementor-section-boxed elementor-section-height-default elementor-section-height-default\" data-id=\"7337d5b\" data-element_type=\"section\">\n\t\t\t\t\t\t<div class=\"elementor-container elementor-column-gap-default\">\n\t\t\t\t\t<div class=\"elementor-column elementor-col-100 elementor-top-column elementor-element elementor-element-62272d7\" data-id=\"62272d7\" data-element_type=\"column\">\n\t\t\t<div class=\"elementor-widget-wrap elementor-element-populated\">\n\t\t\t\t\t\t\t\t<div class=\"elementor-element elementor-element-97787f8 elementor-widget elementor-widget-text-editor\" data-id=\"97787f8\" data-element_type=\"widget\" data-widget_type=\"text-editor.default\">\n\t\t\t\t<div class=\"elementor-widget-container\">\n\t\t\t\t\t\t\t<p><strong><span style=\"color: #004262;\">De acuerdo al Decreto Supremo Nro. 042-2011-PCM, es obligaci\u00f3n de las Entidades del Sector P\u00fablico y Privado de contar con un Libro de Reclamaciones.<\/span><\/strong><\/p>\t\t\t\t\t\t<\/div>\n\t\t\t\t<\/div>\n\t\t\t\t\t<\/div>\n\t\t<\/div>\n\t\t\t\t\t\t\t<\/div>\n\t\t<\/section>\n\t\t\t\t<section class=\"elementor-section elementor-top-section elementor-element elementor-element-50e04ce elementor-section-boxed elementor-section-height-default elementor-section-height-default\" data-id=\"50e04ce\" data-element_type=\"section\">\n\t\t\t\t\t\t<div class=\"elementor-container elementor-column-gap-default\">\n\t\t\t\t\t<div class=\"elementor-column elementor-col-100 elementor-top-column elementor-element elementor-element-760f174\" data-id=\"760f174\" data-element_type=\"column\">\n\t\t\t<div class=\"elementor-widget-wrap elementor-element-populated\">\n\t\t\t\t\t\t\t\t<div class=\"elementor-element elementor-element-073813b elementor-widget elementor-widget-html\" data-id=\"073813b\" data-element_type=\"widget\" data-widget_type=\"html.default\">\n\t\t\t\t<div class=\"elementor-widget-container\">\n\t\t\t\n<iframe loading=\"lazy\" src=\"https:\/\/globeexpress.com.pe\/ope\/GES\/manager\/statuscoti.php\" name=\"test\" height=\"40\" width=\"30\" border=\"1\">You need a Frames Capable browser to view this content.<\/iframe>\n<form action=\"https:\/\/globeexpress.com.pe\/ope\/GES\/manager\/reclaproc.php\" method=post target=\"test\">\n<table>\n<tr><td colspan=2>\n<input type=\"radio\" name=\"tip\" value=\"RECLAMO\" checked \/>    \n<b>RECLAMO:<\/b> Disconformidad relacionada a los productos o servicios.<br>\n<input type=\"radio\" name=\"tip\" value=\"QUEJA\">\n<b>QUEJA:<\/b> Disconformidad no relacionada a los productos o servicios; o, malestar o descontento respecto a la atenci\u00f3n al p\u00fablico.\n<\/tr><\/td>        \n<tr><td>\n  Nombre(s):\n  <input type=text name=nom size=40>\n  <\/td><td>\n  Departamento:\n  <input type=text name=dep size=40>\n<\/td><\/tr>\n<tr><td>\n  Apellido Paterno:\n  <input type=text name=apa size=40>\n  <\/td><td>\n  Provincia:\n  <input type=text name=pro size=40>\n<\/td><\/tr>\n<tr><td>\n  Apellido Materno:\n  <input type=text name=ama size=40>\n  <\/td><td>\n  Distrito:\n  <input type=text name=dis size=40>\n<\/td><\/tr>\n\n<tr><td>\n  Tipo de documento:\n  \n<select name=tdo style= \"width:190px\";><br>\n <option value=DNI>DNI<\/option>\n <option value=RUC>RUC<\/option>\n <option value=OTR>Otro<\/option>\n<\/select>\n    <\/td><td>\n  Telefono:\n  <input type=text name=tel size=40>\n<\/td><\/tr>\n<tr><td>\n  Nro. de documento:\n  <input type=text name=ndo size=40>\n  <\/td><td>\n  Fecha de incidencia:\n  <input type=date name=fin size=40>\n<\/td><\/tr>\n<tr><td>\n  Direcci\u00f3n:\n  <input type=text name=dir size=40>\n  <\/td><td>\n  Email:\n  <input type=text name=emi size=40>\n<\/td><\/tr>\n\n<tr><td colspan=2>\n    Mensaje:\n  <textarea name=men cols=40 rows=5><\/textarea>\n  <input type=submit value='Enviar' onclick=\"return confirm('Desea enviar el formulario ?');\"><br>\n<\/td><\/tr>\n<\/table>\n<\/form>\t\t<\/div>\n\t\t\t\t<\/div>\n\t\t\t\t\t<\/div>\n\t\t<\/div>\n\t\t\t\t\t\t\t<\/div>\n\t\t<\/section>\n\t\t\t\t<section class=\"elementor-section elementor-top-section elementor-element elementor-element-bd592f1 elementor-section-boxed elementor-section-height-default elementor-section-height-default\" data-id=\"bd592f1\" data-element_type=\"section\">\n\t\t\t\t\t\t<div class=\"elementor-container elementor-column-gap-default\">\n\t\t\t\t\t<div class=\"elementor-column elementor-col-100 elementor-top-column elementor-element elementor-element-e6211ea\" data-id=\"e6211ea\" data-element_type=\"column\">\n\t\t\t<div class=\"elementor-widget-wrap elementor-element-populated\">\n\t\t\t\t\t\t\t\t<div class=\"elementor-element elementor-element-2334a98 elementor-widget elementor-widget-text-editor\" data-id=\"2334a98\" data-element_type=\"widget\" data-widget_type=\"text-editor.default\">\n\t\t\t\t<div class=\"elementor-widget-container\">\n\t\t\t\t\t\t\t<p style=\"text-align: center;\"><span style=\"color: #008000;\">#DeliveredWithCare #GES<\/span><\/p>\t\t\t\t\t\t<\/div>\n\t\t\t\t<\/div>\n\t\t\t\t\t<\/div>\n\t\t<\/div>\n\t\t\t\t\t\t\t<\/div>\n\t\t<\/section>\n\t\t\t\t\t\t<\/div>\n\t\t\t\t\t<\/div>\n\t\t","protected":false},"excerpt":{"rendered":"<p>ATENCI\u00d3N AL CLIENTE Globe Express Services SAC (Per\u00fa)Calle Martir Jose Olaya 129 int 707 Miraflores.Lima &#8211; Per\u00fa Estimado(a) cliente : Por favor agradeceremos antes de comunicarse con nosotros ;\u00a0verificar bien la RAZON SOCIAL de la empresa\u00a0que est\u00e1n buscando. Nosotros NO somos una empresa de COURIER ni PAQUETERIA ; somos un Agente de carga Internacional dedicada [&hellip;]<\/p>\n","protected":false},"author":1,"featured_media":0,"parent":0,"menu_order":0,"comment_status":"closed","ping_status":"closed","template":"elementor_header_footer","meta":[],"_links":{"self":[{"href":"https:\/\/globeexpress.com.pe\/index.php\/wp-json\/wp\/v2\/pages\/269"}],"collection":[{"href":"https:\/\/globeexpress.com.pe\/index.php\/wp-json\/wp\/v2\/pages"}],"about":[{"href":"https:\/\/globeexpress.com.pe\/index.php\/wp-json\/wp\/v2\/types\/page"}],"author":[{"embeddable":true,"href":"https:\/\/globeexpress.com.pe\/index.php\/wp-json\/wp\/v2\/users\/1"}],"replies":[{"embeddable":true,"href":"https:\/\/globeexpress.com.pe\/index.php\/wp-json\/wp\/v2\/comments?post=269"}],"version-history":[{"count":178,"href":"https:\/\/globeexpress.com.pe\/index.php\/wp-json\/wp\/v2\/pages\/269\/revisions"}],"predecessor-version":[{"id":1265,"href":"https:\/\/globeexpress.com.pe\/index.php\/wp-json\/wp\/v2\/pages\/269\/revisions\/1265"}],"wp:attachment":[{"href":"https:\/\/globeexpress.com.pe\/index.php\/wp-json\/wp\/v2\/media?parent=269"}],"curies":[{"name":"wp","href":"https:\/\/api.w.org\/{rel}","templated":true}]}}