{"id":63,"date":"2021-12-29T02:09:41","date_gmt":"2021-12-29T07:09:41","guid":{"rendered":"http:\/\/165.227.26.54\/?page_id=63"},"modified":"2024-09-05T15:25:39","modified_gmt":"2024-09-05T20:25:39","slug":"servicios","status":"publish","type":"page","link":"https:\/\/globeexpress.com.pe\/index.php\/servicios\/","title":{"rendered":"Servicios"},"content":{"rendered":"\t\t<div data-elementor-type=\"wp-page\" data-elementor-id=\"63\" class=\"elementor elementor-63\" data-elementor-settings=\"[]\">\n\t\t\t\t\t\t\t<div class=\"elementor-section-wrap\">\n\t\t\t\t\t\t\t<section class=\"elementor-section elementor-top-section elementor-element elementor-element-acde039 elementor-section-boxed elementor-section-height-default elementor-section-height-default\" data-id=\"acde039\" data-element_type=\"section\">\n\t\t\t\t\t\t<div class=\"elementor-container elementor-column-gap-default\">\n\t\t\t\t\t<div class=\"elementor-column elementor-col-100 elementor-top-column elementor-element elementor-element-2a4060e\" data-id=\"2a4060e\" data-element_type=\"column\">\n\t\t\t<div class=\"elementor-widget-wrap elementor-element-populated\">\n\t\t\t\t\t\t\t\t<div class=\"elementor-element elementor-element-0ba3add elementor-widget elementor-widget-text-editor\" data-id=\"0ba3add\" data-element_type=\"widget\" data-widget_type=\"text-editor.default\">\n\t\t\t\t<div class=\"elementor-widget-container\">\n\t\t\t<style>\/*! elementor - v3.5.3 - 28-12-2021 *\/\n.elementor-widget-text-editor.elementor-drop-cap-view-stacked .elementor-drop-cap{background-color:#818a91;color:#fff}.elementor-widget-text-editor.elementor-drop-cap-view-framed .elementor-drop-cap{color:#818a91;border:3px solid;background-color:transparent}.elementor-widget-text-editor:not(.elementor-drop-cap-view-default) .elementor-drop-cap{margin-top:8px}.elementor-widget-text-editor:not(.elementor-drop-cap-view-default) .elementor-drop-cap-letter{width:1em;height:1em}.elementor-widget-text-editor .elementor-drop-cap{float:left;text-align:center;line-height:1;font-size:50px}.elementor-widget-text-editor .elementor-drop-cap-letter{display:inline-block}<\/style>\t\t\t\t<h2 style=\"text-align: right;\"><span style=\"color: #ff9900;\">SERVICIOS<\/span><\/h2>\t\t\t\t\t\t<\/div>\n\t\t\t\t<\/div>\n\t\t\t\t\t<\/div>\n\t\t<\/div>\n\t\t\t\t\t\t\t<\/div>\n\t\t<\/section>\n\t\t\t\t<section class=\"elementor-section elementor-top-section elementor-element elementor-element-5c26920 elementor-section-boxed elementor-section-height-default elementor-section-height-default\" data-id=\"5c26920\" data-element_type=\"section\">\n\t\t\t\t\t\t<div class=\"elementor-container elementor-column-gap-default\">\n\t\t\t\t\t<div class=\"elementor-column elementor-col-100 elementor-top-column elementor-element elementor-element-cf14c5f\" data-id=\"cf14c5f\" data-element_type=\"column\">\n\t\t\t<div class=\"elementor-widget-wrap elementor-element-populated\">\n\t\t\t\t\t\t\t\t<div class=\"elementor-element elementor-element-a632c4e elementor-widget elementor-widget-image\" data-id=\"a632c4e\" data-element_type=\"widget\" data-widget_type=\"image.default\">\n\t\t\t\t<div class=\"elementor-widget-container\">\n\t\t\t<style>\/*! elementor - v3.5.3 - 28-12-2021 *\/\n.elementor-widget-image{text-align:center}.elementor-widget-image a{display:inline-block}.elementor-widget-image a img[src$=\".svg\"]{width:48px}.elementor-widget-image img{vertical-align:middle;display:inline-block}<\/style>\t\t\t\t\t\t\t\t\t\t\t\t<img width=\"1536\" height=\"576\" src=\"https:\/\/globeexpress.com.pe\/wp-content\/uploads\/2022\/01\/19ene-06-scaled-e1642810095702-1536x576.jpg\" class=\"attachment-1536x1536 size-1536x1536\" alt=\"\" loading=\"lazy\" srcset=\"https:\/\/globeexpress.com.pe\/wp-content\/uploads\/2022\/01\/19ene-06-scaled-e1642810095702-1536x576.jpg 1536w, https:\/\/globeexpress.com.pe\/wp-content\/uploads\/2022\/01\/19ene-06-scaled-e1642810095702-300x113.jpg 300w, https:\/\/globeexpress.com.pe\/wp-content\/uploads\/2022\/01\/19ene-06-scaled-e1642810095702-1024x384.jpg 1024w, https:\/\/globeexpress.com.pe\/wp-content\/uploads\/2022\/01\/19ene-06-scaled-e1642810095702-768x288.jpg 768w, https:\/\/globeexpress.com.pe\/wp-content\/uploads\/2022\/01\/19ene-06-scaled-e1642810095702-2048x768.jpg 2048w\" sizes=\"(max-width: 1536px) 100vw, 1536px\" \/>\t\t\t\t\t\t\t\t\t\t\t\t\t\t\t<\/div>\n\t\t\t\t<\/div>\n\t\t\t\t\t<\/div>\n\t\t<\/div>\n\t\t\t\t\t\t\t<\/div>\n\t\t<\/section>\n\t\t\t\t<section class=\"elementor-section elementor-top-section elementor-element elementor-element-0fd5ec5 elementor-section-boxed elementor-section-height-default elementor-section-height-default\" data-id=\"0fd5ec5\" data-element_type=\"section\">\n\t\t\t\t\t\t<div class=\"elementor-container elementor-column-gap-default\">\n\t\t\t\t\t<div class=\"elementor-column elementor-col-100 elementor-top-column elementor-element elementor-element-253d8e1\" data-id=\"253d8e1\" data-element_type=\"column\">\n\t\t\t<div class=\"elementor-widget-wrap elementor-element-populated\">\n\t\t\t\t\t\t\t\t<div class=\"elementor-element elementor-element-b52d0f8 elementor-widget elementor-widget-text-editor\" data-id=\"b52d0f8\" data-element_type=\"widget\" data-widget_type=\"text-editor.default\">\n\t\t\t\t<div class=\"elementor-widget-container\">\n\t\t\t\t\t\t\t<p><span style=\"color: #333333;\">En GES entendemos que nuestro rol va m\u00e1s all\u00e1 del flete y la log\u00edstica. Se trata de ayudar a las empresas a desbloquear sus capacidades y maximizar sus ganancias a trav\u00e9s del acceso a nuestra tecnolog\u00eda y servicios dedicados.<\/span><\/p>\t\t\t\t\t\t<\/div>\n\t\t\t\t<\/div>\n\t\t\t\t\t<\/div>\n\t\t<\/div>\n\t\t\t\t\t\t\t<\/div>\n\t\t<\/section>\n\t\t\t\t<section class=\"elementor-section elementor-top-section elementor-element elementor-element-fdbd32c elementor-section-boxed elementor-section-height-default elementor-section-height-default\" data-id=\"fdbd32c\" data-element_type=\"section\">\n\t\t\t\t\t\t<div class=\"elementor-container elementor-column-gap-default\">\n\t\t\t\t\t<div class=\"elementor-column elementor-col-25 elementor-top-column elementor-element elementor-element-020ca9e\" data-id=\"020ca9e\" data-element_type=\"column\" data-settings=\"{&quot;background_background&quot;:&quot;classic&quot;}\">\n\t\t\t<div class=\"elementor-widget-wrap elementor-element-populated\">\n\t\t\t\t\t\t\t\t<div class=\"elementor-element elementor-element-af80288 elementor-widget elementor-widget-image\" data-id=\"af80288\" data-element_type=\"widget\" data-widget_type=\"image.default\">\n\t\t\t\t<div class=\"elementor-widget-container\">\n\t\t\t\t\t\t\t\t\t\t\t\t<figure class=\"wp-caption\">\n\t\t\t\t\t\t\t\t\t\t<img width=\"768\" height=\"1024\" src=\"https:\/\/globeexpress.com.pe\/wp-content\/uploads\/2022\/01\/19ene-10-768x1024.jpg\" class=\"attachment-large size-large\" alt=\"dsfsdfsdfdsf\" loading=\"lazy\" srcset=\"https:\/\/globeexpress.com.pe\/wp-content\/uploads\/2022\/01\/19ene-10-768x1024.jpg 768w, https:\/\/globeexpress.com.pe\/wp-content\/uploads\/2022\/01\/19ene-10-225x300.jpg 225w, https:\/\/globeexpress.com.pe\/wp-content\/uploads\/2022\/01\/19ene-10-1152x1536.jpg 1152w, https:\/\/globeexpress.com.pe\/wp-content\/uploads\/2022\/01\/19ene-10-1536x2048.jpg 1536w, https:\/\/globeexpress.com.pe\/wp-content\/uploads\/2022\/01\/19ene-10-scaled.jpg 1920w\" sizes=\"(max-width: 768px) 100vw, 768px\" \/>\t\t\t\t\t\t\t\t\t\t\t<figcaption class=\"widget-image-caption wp-caption-text\">CARGA MARITIMA<\/figcaption>\n\t\t\t\t\t\t\t\t\t\t<\/figure>\n\t\t\t\t\t\t\t\t\t<\/div>\n\t\t\t\t<\/div>\n\t\t\t\t<div class=\"elementor-element elementor-element-36c0770 elementor-widget elementor-widget-text-editor\" data-id=\"36c0770\" data-element_type=\"widget\" data-widget_type=\"text-editor.default\">\n\t\t\t\t<div class=\"elementor-widget-container\">\n\t\t\t\t\t\t\t<p><span style=\"color: #ffffff;\">Nuestra vasta experiencia en el mercado y las relaciones de la industria con las principales l\u00edneas navieras, significan que brindamos los mejores servicios a las tarifas m\u00e1s competitivas.<\/span><\/p><p><span style=\"color: #ffffff;\">Ofrecemos servicios FCL y LCL para todas sus importaciones y exportaciones.<\/span><\/p>\t\t\t\t\t\t<\/div>\n\t\t\t\t<\/div>\n\t\t\t\t\t<\/div>\n\t\t<\/div>\n\t\t\t\t<div class=\"elementor-column elementor-col-25 elementor-top-column elementor-element elementor-element-5503475\" data-id=\"5503475\" data-element_type=\"column\" data-settings=\"{&quot;background_background&quot;:&quot;classic&quot;}\">\n\t\t\t<div class=\"elementor-widget-wrap elementor-element-populated\">\n\t\t\t\t\t\t\t\t<div class=\"elementor-element elementor-element-689e332 elementor-widget elementor-widget-image\" data-id=\"689e332\" data-element_type=\"widget\" data-widget_type=\"image.default\">\n\t\t\t\t<div class=\"elementor-widget-container\">\n\t\t\t\t\t\t\t\t\t\t\t\t<figure class=\"wp-caption\">\n\t\t\t\t\t\t\t\t\t\t<img width=\"1024\" height=\"768\" src=\"https:\/\/globeexpress.com.pe\/wp-content\/uploads\/2022\/01\/patrick-campanale-oCsQLKENz34-unsplash-1024x768.jpg\" class=\"attachment-large size-large\" alt=\"\" loading=\"lazy\" srcset=\"https:\/\/globeexpress.com.pe\/wp-content\/uploads\/2022\/01\/patrick-campanale-oCsQLKENz34-unsplash-1024x768.jpg 1024w, https:\/\/globeexpress.com.pe\/wp-content\/uploads\/2022\/01\/patrick-campanale-oCsQLKENz34-unsplash-300x225.jpg 300w, https:\/\/globeexpress.com.pe\/wp-content\/uploads\/2022\/01\/patrick-campanale-oCsQLKENz34-unsplash-768x576.jpg 768w, https:\/\/globeexpress.com.pe\/wp-content\/uploads\/2022\/01\/patrick-campanale-oCsQLKENz34-unsplash-1536x1152.jpg 1536w, https:\/\/globeexpress.com.pe\/wp-content\/uploads\/2022\/01\/patrick-campanale-oCsQLKENz34-unsplash-2048x1536.jpg 2048w\" sizes=\"(max-width: 1024px) 100vw, 1024px\" \/>\t\t\t\t\t\t\t\t\t\t\t<figcaption class=\"widget-image-caption wp-caption-text\">CARGA AEREA<\/figcaption>\n\t\t\t\t\t\t\t\t\t\t<\/figure>\n\t\t\t\t\t\t\t\t\t<\/div>\n\t\t\t\t<\/div>\n\t\t\t\t<div class=\"elementor-element elementor-element-c6b75ed elementor-widget elementor-widget-text-editor\" data-id=\"c6b75ed\" data-element_type=\"widget\" data-widget_type=\"text-editor.default\">\n\t\t\t\t<div class=\"elementor-widget-container\">\n\t\t\t\t\t\t\t<p><span style=\"color: #ffffff;\">Nuestros especialistas est\u00e1n dedicados a encontrar soluciones de ahorro de costos que se centren en el tr\u00e1nsito r\u00e1pido, comunicaci\u00f3n, consolidaci\u00f3n y oportunidades intermodales. Brindamos servicios de punta a punta desde Importaci\u00f3n y exportaci\u00f3n de documentaci\u00f3n y competencia en procedimientos para servicios a\u00e9reos.<\/span><\/p>\t\t\t\t\t\t<\/div>\n\t\t\t\t<\/div>\n\t\t\t\t\t<\/div>\n\t\t<\/div>\n\t\t\t\t<div class=\"elementor-column elementor-col-25 elementor-top-column elementor-element elementor-element-254262e\" data-id=\"254262e\" data-element_type=\"column\" data-settings=\"{&quot;background_background&quot;:&quot;classic&quot;}\">\n\t\t\t<div class=\"elementor-widget-wrap elementor-element-populated\">\n\t\t\t\t\t\t\t\t<div class=\"elementor-element elementor-element-9906057 elementor-widget elementor-widget-image\" data-id=\"9906057\" data-element_type=\"widget\" data-widget_type=\"image.default\">\n\t\t\t\t<div class=\"elementor-widget-container\">\n\t\t\t\t\t\t\t\t\t\t\t\t<figure class=\"wp-caption\">\n\t\t\t\t\t\t\t\t\t\t<img width=\"768\" height=\"1024\" src=\"https:\/\/globeexpress.com.pe\/wp-content\/uploads\/2022\/01\/sven-brandsma-YnSWpIPX3pE-unsplash-768x1024.jpg\" class=\"attachment-large size-large\" alt=\"\" loading=\"lazy\" srcset=\"https:\/\/globeexpress.com.pe\/wp-content\/uploads\/2022\/01\/sven-brandsma-YnSWpIPX3pE-unsplash-768x1024.jpg 768w, https:\/\/globeexpress.com.pe\/wp-content\/uploads\/2022\/01\/sven-brandsma-YnSWpIPX3pE-unsplash-225x300.jpg 225w, https:\/\/globeexpress.com.pe\/wp-content\/uploads\/2022\/01\/sven-brandsma-YnSWpIPX3pE-unsplash-1152x1536.jpg 1152w, https:\/\/globeexpress.com.pe\/wp-content\/uploads\/2022\/01\/sven-brandsma-YnSWpIPX3pE-unsplash-1536x2048.jpg 1536w, https:\/\/globeexpress.com.pe\/wp-content\/uploads\/2022\/01\/sven-brandsma-YnSWpIPX3pE-unsplash-scaled.jpg 1920w\" sizes=\"(max-width: 768px) 100vw, 768px\" \/>\t\t\t\t\t\t\t\t\t\t\t<figcaption class=\"widget-image-caption wp-caption-text\"> TRANSPORTE TERRESTRE INTERNACIONAL <\/figcaption>\n\t\t\t\t\t\t\t\t\t\t<\/figure>\n\t\t\t\t\t\t\t\t\t<\/div>\n\t\t\t\t<\/div>\n\t\t\t\t<div class=\"elementor-element elementor-element-9833855 elementor-widget elementor-widget-text-editor\" data-id=\"9833855\" data-element_type=\"widget\" data-widget_type=\"text-editor.default\">\n\t\t\t\t<div class=\"elementor-widget-container\">\n\t\t\t\t\t\t\t<p><span style=\"color: #ffffff;\">Aplicamos el conocimiento global al know-how local para brindar soluciones flexibles a tarifas competitivas.<\/span><\/p><p><span style=\"color: #ffffff;\">Ofrecemos una gama de servicios de transporte intermodal, tanto FTL como LTL, incluyendo env\u00edos internacionales y nacionales por tierra. Contamos con socios estrat\u00e9gicos<\/span><span style=\"color: #ffffff; font-size: 14px;\">\u00a0en m\u00faltiples ubicaciones y convenios, ofreciendo un alcance confiable donde quiera que desee ir.<\/span><\/p>\t\t\t\t\t\t<\/div>\n\t\t\t\t<\/div>\n\t\t\t\t\t<\/div>\n\t\t<\/div>\n\t\t\t\t<div class=\"elementor-column elementor-col-25 elementor-top-column elementor-element elementor-element-a32533a\" data-id=\"a32533a\" data-element_type=\"column\">\n\t\t\t<div class=\"elementor-widget-wrap elementor-element-populated\">\n\t\t\t\t\t\t\t\t<div class=\"elementor-element elementor-element-523e47c elementor-widget elementor-widget-image\" data-id=\"523e47c\" data-element_type=\"widget\" data-widget_type=\"image.default\">\n\t\t\t\t<div class=\"elementor-widget-container\">\n\t\t\t\t\t\t\t\t\t\t\t\t<figure class=\"wp-caption\">\n\t\t\t\t\t\t\t\t\t\t<img width=\"1024\" height=\"681\" src=\"https:\/\/globeexpress.com.pe\/wp-content\/uploads\/2022\/01\/19ene-04-1024x681.jpg\" class=\"attachment-large size-large\" alt=\"\" loading=\"lazy\" srcset=\"https:\/\/globeexpress.com.pe\/wp-content\/uploads\/2022\/01\/19ene-04-1024x681.jpg 1024w, https:\/\/globeexpress.com.pe\/wp-content\/uploads\/2022\/01\/19ene-04-300x200.jpg 300w, https:\/\/globeexpress.com.pe\/wp-content\/uploads\/2022\/01\/19ene-04-768x511.jpg 768w, https:\/\/globeexpress.com.pe\/wp-content\/uploads\/2022\/01\/19ene-04-1536x1022.jpg 1536w, https:\/\/globeexpress.com.pe\/wp-content\/uploads\/2022\/01\/19ene-04-2048x1363.jpg 2048w\" sizes=\"(max-width: 1024px) 100vw, 1024px\" \/>\t\t\t\t\t\t\t\t\t\t\t<figcaption class=\"widget-image-caption wp-caption-text\">SERVICIO LOGISTICO INTEGRAL<\/figcaption>\n\t\t\t\t\t\t\t\t\t\t<\/figure>\n\t\t\t\t\t\t\t\t\t<\/div>\n\t\t\t\t<\/div>\n\t\t\t\t<div class=\"elementor-element elementor-element-905f622 elementor-widget elementor-widget-text-editor\" data-id=\"905f622\" data-element_type=\"widget\" data-widget_type=\"text-editor.default\">\n\t\t\t\t<div class=\"elementor-widget-container\">\n\t\t\t\t\t\t\t<p>Brindamos soluciones log\u00edsticas todo incluido para atender empresas industriales de todo tipo, naturaleza, tama\u00f1os y requerimientos. Atendemos muchos sectores de la industria. Nuestros Servicios Log\u00edsticos:<\/p><ul><li>Agenciamiento de Aduanas<\/li><li>Cuadrilla<\/li><li>Resguardo<\/li><li>Seguro de Carga<\/li><li>Paletizado y otros que sean requeridos.<\/li><\/ul>\t\t\t\t\t\t<\/div>\n\t\t\t\t<\/div>\n\t\t\t\t\t<\/div>\n\t\t<\/div>\n\t\t\t\t\t\t\t<\/div>\n\t\t<\/section>\n\t\t\t\t<section class=\"elementor-section elementor-top-section elementor-element elementor-element-8d00887 elementor-section-boxed elementor-section-height-default elementor-section-height-default\" data-id=\"8d00887\" data-element_type=\"section\">\n\t\t\t\t\t\t<div class=\"elementor-container elementor-column-gap-default\">\n\t\t\t\t\t<div class=\"elementor-column elementor-col-100 elementor-top-column elementor-element elementor-element-acb2d6b\" data-id=\"acb2d6b\" data-element_type=\"column\">\n\t\t\t<div class=\"elementor-widget-wrap elementor-element-populated\">\n\t\t\t\t\t\t\t\t<div class=\"elementor-element elementor-element-3e704a1 elementor-widget elementor-widget-text-editor\" data-id=\"3e704a1\" data-element_type=\"widget\" data-widget_type=\"text-editor.default\">\n\t\t\t\t<div class=\"elementor-widget-container\">\n\t\t\t\t\t\t\t<p style=\"text-align: center;\"><span style=\"color: #339966;\">#DeliveredWithCare #GES<\/span><\/p>\t\t\t\t\t\t<\/div>\n\t\t\t\t<\/div>\n\t\t\t\t\t<\/div>\n\t\t<\/div>\n\t\t\t\t\t\t\t<\/div>\n\t\t<\/section>\n\t\t\t\t\t\t<\/div>\n\t\t\t\t\t<\/div>\n\t\t","protected":false},"excerpt":{"rendered":"<p>SERVICIOS En GES entendemos que nuestro rol va m\u00e1s all\u00e1 del flete y la log\u00edstica. Se trata de ayudar a las empresas a desbloquear sus capacidades y maximizar sus ganancias a trav\u00e9s del acceso a nuestra tecnolog\u00eda y servicios dedicados. CARGA MARITIMA Nuestra vasta experiencia en el mercado y las relaciones de la industria con [&hellip;]<\/p>\n","protected":false},"author":1,"featured_media":0,"parent":0,"menu_order":0,"comment_status":"closed","ping_status":"closed","template":"elementor_header_footer","meta":[],"_links":{"self":[{"href":"https:\/\/globeexpress.com.pe\/index.php\/wp-json\/wp\/v2\/pages\/63"}],"collection":[{"href":"https:\/\/globeexpress.com.pe\/index.php\/wp-json\/wp\/v2\/pages"}],"about":[{"href":"https:\/\/globeexpress.com.pe\/index.php\/wp-json\/wp\/v2\/types\/page"}],"author":[{"embeddable":true,"href":"https:\/\/globeexpress.com.pe\/index.php\/wp-json\/wp\/v2\/users\/1"}],"replies":[{"embeddable":true,"href":"https:\/\/globeexpress.com.pe\/index.php\/wp-json\/wp\/v2\/comments?post=63"}],"version-history":[{"count":86,"href":"https:\/\/globeexpress.com.pe\/index.php\/wp-json\/wp\/v2\/pages\/63\/revisions"}],"predecessor-version":[{"id":1130,"href":"https:\/\/globeexpress.com.pe\/index.php\/wp-json\/wp\/v2\/pages\/63\/revisions\/1130"}],"wp:attachment":[{"href":"https:\/\/globeexpress.com.pe\/index.php\/wp-json\/wp\/v2\/media?parent=63"}],"curies":[{"name":"wp","href":"https:\/\/api.w.org\/{rel}","templated":true}]}}